{"id":123,"date":"2023-11-12T11:48:40","date_gmt":"2023-11-12T11:48:40","guid":{"rendered":"https:\/\/www.lecloshucqueliers.fr\/?page_id=123"},"modified":"2024-01-31T18:37:11","modified_gmt":"2024-01-31T18:37:11","slug":"les-gites","status":"publish","type":"page","link":"https:\/\/www.lecloshucqueliers.fr\/?page_id=123","title":{"rendered":"Le Clos d\u2019Hucqueliers\u00a0"},"content":{"rendered":"\n<figure class=\"wp-block-image size-large is-resized wp-duotone-000000-ffffff-1\"><img loading=\"lazy\" decoding=\"async\" width=\"1024\" height=\"248\" src=\"https:\/\/www.lecloshucqueliers.fr\/wp-content\/uploads\/2023\/11\/cropped-cropped-Harper-Russo-1024x248.png\" alt=\"\" class=\"wp-image-132\" style=\"width:434px;height:auto\" srcset=\"https:\/\/www.lecloshucqueliers.fr\/wp-content\/uploads\/2023\/11\/cropped-cropped-Harper-Russo-1024x248.png 1024w, https:\/\/www.lecloshucqueliers.fr\/wp-content\/uploads\/2023\/11\/cropped-cropped-Harper-Russo-300x73.png 300w, https:\/\/www.lecloshucqueliers.fr\/wp-content\/uploads\/2023\/11\/cropped-cropped-Harper-Russo-768x186.png 768w, https:\/\/www.lecloshucqueliers.fr\/wp-content\/uploads\/2023\/11\/cropped-cropped-Harper-Russo-1536x372.png 1536w, https:\/\/www.lecloshucqueliers.fr\/wp-content\/uploads\/2023\/11\/cropped-cropped-Harper-Russo.png 2000w\" sizes=\"auto, (max-width: 1024px) 100vw, 1024px\" \/><\/figure>\n\n\n\n<div class=\"wp-block-group is-vertical is-layout-flex wp-container-core-group-is-layout-8cf370e7 wp-block-group-is-layout-flex\">\n<div class=\"wp-block-media-text alignwide has-media-on-the-right is-stacked-on-mobile is-vertically-aligned-center has-background\" style=\"background-color:#f1f5c7\"><div class=\"wp-block-media-text__content\">\n<div class=\"wp-block-group\" style=\"padding-top:2em;padding-right:2em;padding-bottom:2em;padding-left:2em\"><div class=\"wp-block-group__inner-container is-layout-flow wp-block-group-is-layout-flow\">\n<p>Est compos\u00e9 de 4 G\u00eetes d\u2019environ 32m2 sur l\u2019aile gauche en rentrant dans la cour int\u00e9rieure&nbsp;.<\/p>\n\n\n\n<p>Un Parking priv\u00e9 12 v\u00e9hicules est \u00e0 votre disposition, \u00e0 l\u2019arri\u00e8re de la maison.<\/p>\n\n\n\n<p>Jardin clos et une petite maison en bois pour les enfants.<\/p>\n<\/div><\/div>\n<\/div><figure class=\"wp-block-media-text__media\"><img loading=\"lazy\" decoding=\"async\" width=\"1024\" height=\"768\" src=\"https:\/\/www.lecloshucqueliers.fr\/wp-content\/uploads\/2023\/11\/89045024-1.jpg\" alt=\"\" class=\"wp-image-77 size-full\" srcset=\"https:\/\/www.lecloshucqueliers.fr\/wp-content\/uploads\/2023\/11\/89045024-1.jpg 1024w, https:\/\/www.lecloshucqueliers.fr\/wp-content\/uploads\/2023\/11\/89045024-1-300x225.jpg 300w, https:\/\/www.lecloshucqueliers.fr\/wp-content\/uploads\/2023\/11\/89045024-1-768x576.jpg 768w\" sizes=\"auto, (max-width: 1024px) 100vw, 1024px\" \/><\/figure><\/div>\n\n\n\n<div class=\"wp-block-media-text alignwide is-stacked-on-mobile is-vertically-aligned-center has-background\" style=\"background-color:#fffdea\"><figure class=\"wp-block-media-text__media\"><img loading=\"lazy\" decoding=\"async\" width=\"1024\" height=\"576\" src=\"https:\/\/www.lecloshucqueliers.fr\/wp-content\/uploads\/2023\/12\/dhedin-1687419347_1687421981_22198_a0329a1-1024x576.jpg\" alt=\"\" class=\"wp-image-146 size-full\" srcset=\"https:\/\/www.lecloshucqueliers.fr\/wp-content\/uploads\/2023\/12\/dhedin-1687419347_1687421981_22198_a0329a1-1024x576.jpg 1024w, https:\/\/www.lecloshucqueliers.fr\/wp-content\/uploads\/2023\/12\/dhedin-1687419347_1687421981_22198_a0329a1-300x169.jpg 300w, https:\/\/www.lecloshucqueliers.fr\/wp-content\/uploads\/2023\/12\/dhedin-1687419347_1687421981_22198_a0329a1-768x432.jpg 768w, https:\/\/www.lecloshucqueliers.fr\/wp-content\/uploads\/2023\/12\/dhedin-1687419347_1687421981_22198_a0329a1-1536x865.jpg 1536w, https:\/\/www.lecloshucqueliers.fr\/wp-content\/uploads\/2023\/12\/dhedin-1687419347_1687421981_22198_a0329a1-2048x1153.jpg 2048w\" sizes=\"auto, (max-width: 1024px) 100vw, 1024px\" \/><\/figure><div class=\"wp-block-media-text__content\">\n<div class=\"wp-block-group\" style=\"padding-top:2em;padding-right:2em;padding-bottom:2em;padding-left:2em\"><div class=\"wp-block-group__inner-container is-layout-flow wp-block-group-is-layout-flow\">\n<p>Voici un G\u00eete pouvant accueillir jusqu\u2019\u00e0 2 personnes. L\u2019escalier m\u00e8ne \u00e0 la chambre + la salle d\u2019eau.\u00a0<\/p>\n<\/div><\/div>\n<\/div><\/div>\n\n\n\n<div class=\"wp-block-media-text alignwide has-media-on-the-right is-stacked-on-mobile is-vertically-aligned-center has-background\" style=\"background-color:#f1f5c7\"><div class=\"wp-block-media-text__content\">\n<div class=\"wp-block-group\" style=\"padding-top:2em;padding-right:2em;padding-bottom:2em;padding-left:2em\"><div class=\"wp-block-group__inner-container is-layout-flow wp-block-group-is-layout-flow\">\n<p>Voici une Chambre d\u2019H\u00f4tes\u00a0\u00e0 l\u2019\u00e9tage de l\u2019aile droite.<\/p>\n<\/div><\/div>\n<\/div><figure class=\"wp-block-media-text__media\"><img loading=\"lazy\" decoding=\"async\" width=\"1024\" height=\"578\" src=\"https:\/\/www.lecloshucqueliers.fr\/wp-content\/uploads\/2023\/12\/dhedin-1687419347_1687421660_21750_592e1a9-1024x578.jpg\" alt=\"\" class=\"wp-image-141 size-full\" srcset=\"https:\/\/www.lecloshucqueliers.fr\/wp-content\/uploads\/2023\/12\/dhedin-1687419347_1687421660_21750_592e1a9-1024x578.jpg 1024w, https:\/\/www.lecloshucqueliers.fr\/wp-content\/uploads\/2023\/12\/dhedin-1687419347_1687421660_21750_592e1a9-300x169.jpg 300w, https:\/\/www.lecloshucqueliers.fr\/wp-content\/uploads\/2023\/12\/dhedin-1687419347_1687421660_21750_592e1a9-768x433.jpg 768w, https:\/\/www.lecloshucqueliers.fr\/wp-content\/uploads\/2023\/12\/dhedin-1687419347_1687421660_21750_592e1a9-1536x866.jpg 1536w, https:\/\/www.lecloshucqueliers.fr\/wp-content\/uploads\/2023\/12\/dhedin-1687419347_1687421660_21750_592e1a9-2048x1155.jpg 2048w\" sizes=\"auto, (max-width: 1024px) 100vw, 1024px\" \/><\/figure><\/div>\n\n\n\n<div class=\"wp-block-media-text alignwide is-stacked-on-mobile is-vertically-aligned-center has-background\" style=\"background-color:#fffdea\"><figure class=\"wp-block-media-text__media\"><img loading=\"lazy\" decoding=\"async\" width=\"1024\" height=\"576\" src=\"https:\/\/www.lecloshucqueliers.fr\/wp-content\/uploads\/2023\/11\/dhedin-1687419347_1687421619_21659_dd3c5b3-3-1024x576.jpg\" alt=\"\" class=\"wp-image-91 size-full\" srcset=\"https:\/\/www.lecloshucqueliers.fr\/wp-content\/uploads\/2023\/11\/dhedin-1687419347_1687421619_21659_dd3c5b3-3-1024x576.jpg 1024w, https:\/\/www.lecloshucqueliers.fr\/wp-content\/uploads\/2023\/11\/dhedin-1687419347_1687421619_21659_dd3c5b3-3-300x169.jpg 300w, https:\/\/www.lecloshucqueliers.fr\/wp-content\/uploads\/2023\/11\/dhedin-1687419347_1687421619_21659_dd3c5b3-3-768x432.jpg 768w, https:\/\/www.lecloshucqueliers.fr\/wp-content\/uploads\/2023\/11\/dhedin-1687419347_1687421619_21659_dd3c5b3-3-1536x864.jpg 1536w, https:\/\/www.lecloshucqueliers.fr\/wp-content\/uploads\/2023\/11\/dhedin-1687419347_1687421619_21659_dd3c5b3-3-2048x1152.jpg 2048w\" sizes=\"auto, (max-width: 1024px) 100vw, 1024px\" \/><\/figure><div class=\"wp-block-media-text__content\">\n<div class=\"wp-block-group\" style=\"padding-top:2em;padding-right:2em;padding-bottom:2em;padding-left:2em\"><div class=\"wp-block-group__inner-container is-layout-flow wp-block-group-is-layout-flow\">\n<p>La salle des petits d\u00e9jeuners est \u00e0 votre disposition si vous souhaitez prendre vos repas en famille.&nbsp;<\/p>\n<\/div><\/div>\n<\/div><\/div>\n\n\n\n<div class=\"wp-block-media-text alignwide has-media-on-the-right is-stacked-on-mobile is-vertically-aligned-center has-background\" style=\"background-color:#f1f5c7\"><div class=\"wp-block-media-text__content\">\n<div class=\"wp-block-group\" style=\"padding-top:2em;padding-right:2em;padding-bottom:2em;padding-left:2em\"><div class=\"wp-block-group__inner-container is-layout-flow wp-block-group-is-layout-flow\">\n<p><\/p>\n\n\n\n<p>Le Petit Salon est \u00e0 votre disposition, pour vous reposer ou profiter d\u2019un bon livre au coin du feu.<\/p>\n<\/div><\/div>\n<\/div><figure class=\"wp-block-media-text__media\"><img loading=\"lazy\" decoding=\"async\" width=\"1024\" height=\"683\" src=\"https:\/\/www.lecloshucqueliers.fr\/wp-content\/uploads\/2024\/01\/bb-hucqueliers-leclos-010822-0013-web-1024x683.jpg\" alt=\"\" class=\"wp-image-400 size-full\" srcset=\"https:\/\/www.lecloshucqueliers.fr\/wp-content\/uploads\/2024\/01\/bb-hucqueliers-leclos-010822-0013-web-1024x683.jpg 1024w, https:\/\/www.lecloshucqueliers.fr\/wp-content\/uploads\/2024\/01\/bb-hucqueliers-leclos-010822-0013-web-300x200.jpg 300w, https:\/\/www.lecloshucqueliers.fr\/wp-content\/uploads\/2024\/01\/bb-hucqueliers-leclos-010822-0013-web-768x512.jpg 768w, https:\/\/www.lecloshucqueliers.fr\/wp-content\/uploads\/2024\/01\/bb-hucqueliers-leclos-010822-0013-web-1536x1024.jpg 1536w, https:\/\/www.lecloshucqueliers.fr\/wp-content\/uploads\/2024\/01\/bb-hucqueliers-leclos-010822-0013-web.jpg 1600w\" sizes=\"auto, (max-width: 1024px) 100vw, 1024px\" \/><\/figure><\/div>\n<\/div>\n\n\n\n<p><\/p>\n","protected":false},"excerpt":{"rendered":"<p>Est compos\u00e9 de 4 G\u00eetes d\u2019environ 32m2 sur l\u2019aile gauche en rentrant dans la cour int\u00e9rieure&nbsp;. Un Parking priv\u00e9 12 v\u00e9hicules est \u00e0 votre disposition, \u00e0 l\u2019arri\u00e8re de la maison. Jardin clos et une petite maison en bois pour les enfants. Voici un G\u00eete pouvant accueillir jusqu\u2019\u00e0 2 personnes. L\u2019escalier m\u00e8ne \u00e0 la chambre + [&hellip;]<\/p>\n","protected":false},"author":1,"featured_media":0,"parent":0,"menu_order":0,"comment_status":"closed","ping_status":"closed","template":"","meta":{"footnotes":""},"class_list":["post-123","page","type-page","status-publish","hentry"],"_links":{"self":[{"href":"https:\/\/www.lecloshucqueliers.fr\/index.php?rest_route=\/wp\/v2\/pages\/123","targetHints":{"allow":["GET"]}}],"collection":[{"href":"https:\/\/www.lecloshucqueliers.fr\/index.php?rest_route=\/wp\/v2\/pages"}],"about":[{"href":"https:\/\/www.lecloshucqueliers.fr\/index.php?rest_route=\/wp\/v2\/types\/page"}],"author":[{"embeddable":true,"href":"https:\/\/www.lecloshucqueliers.fr\/index.php?rest_route=\/wp\/v2\/users\/1"}],"replies":[{"embeddable":true,"href":"https:\/\/www.lecloshucqueliers.fr\/index.php?rest_route=%2Fwp%2Fv2%2Fcomments&post=123"}],"version-history":[{"count":37,"href":"https:\/\/www.lecloshucqueliers.fr\/index.php?rest_route=\/wp\/v2\/pages\/123\/revisions"}],"predecessor-version":[{"id":429,"href":"https:\/\/www.lecloshucqueliers.fr\/index.php?rest_route=\/wp\/v2\/pages\/123\/revisions\/429"}],"wp:attachment":[{"href":"https:\/\/www.lecloshucqueliers.fr\/index.php?rest_route=%2Fwp%2Fv2%2Fmedia&parent=123"}],"curies":[{"name":"wp","href":"https:\/\/api.w.org\/{rel}","templated":true}]}}