{"id":107,"date":"2023-11-12T11:45:11","date_gmt":"2023-11-12T11:45:11","guid":{"rendered":"https:\/\/www.lecloshucqueliers.fr\/?page_id=107"},"modified":"2024-06-24T11:21:08","modified_gmt":"2024-06-24T11:21:08","slug":"tarifs","status":"publish","type":"page","link":"https:\/\/www.lecloshucqueliers.fr\/?page_id=107","title":{"rendered":"Tarifs"},"content":{"rendered":"\n<div class=\"wp-block-cover alignleft wp-duotone-unset-1\" style=\"min-height:755px;aspect-ratio:unset;\"><span aria-hidden=\"true\" class=\"wp-block-cover__background has-background-dim\"><\/span><img loading=\"lazy\" decoding=\"async\" width=\"2560\" height=\"1444\" class=\"wp-block-cover__image-background wp-image-141\" alt=\"\" src=\"https:\/\/www.lecloshucqueliers.fr\/wp-content\/uploads\/2023\/12\/dhedin-1687419347_1687421660_21750_592e1a9-scaled.jpg\" data-object-fit=\"cover\" srcset=\"https:\/\/www.lecloshucqueliers.fr\/wp-content\/uploads\/2023\/12\/dhedin-1687419347_1687421660_21750_592e1a9-scaled.jpg 2560w, https:\/\/www.lecloshucqueliers.fr\/wp-content\/uploads\/2023\/12\/dhedin-1687419347_1687421660_21750_592e1a9-300x169.jpg 300w, https:\/\/www.lecloshucqueliers.fr\/wp-content\/uploads\/2023\/12\/dhedin-1687419347_1687421660_21750_592e1a9-1024x578.jpg 1024w, https:\/\/www.lecloshucqueliers.fr\/wp-content\/uploads\/2023\/12\/dhedin-1687419347_1687421660_21750_592e1a9-768x433.jpg 768w, https:\/\/www.lecloshucqueliers.fr\/wp-content\/uploads\/2023\/12\/dhedin-1687419347_1687421660_21750_592e1a9-1536x866.jpg 1536w, https:\/\/www.lecloshucqueliers.fr\/wp-content\/uploads\/2023\/12\/dhedin-1687419347_1687421660_21750_592e1a9-2048x1155.jpg 2048w\" sizes=\"auto, (max-width: 2560px) 100vw, 2560px\" \/><div class=\"wp-block-cover__inner-container is-layout-constrained wp-block-cover-is-layout-constrained\">\n<p class=\"has-text-align-center has-large-font-size\"><\/p>\n<\/div><\/div>\n\n\n\n<h2 class=\"wp-block-heading\">G\u00eete Appartement 2 Personnes<\/h2>\n\n\n\n<p><\/p>\n\n\n\n<figure class=\"wp-block-table\"><table><thead><tr><th>Tarif \u00e0 la nuit\u00e9e pour 2 pers.<\/th><th class=\"has-text-align-center\" data-align=\"center\">Sans Petit D\u00e9jeuner.<\/th><th class=\"has-text-align-center\" data-align=\"center\">Petit D\u00e9jeuner Inclus.<\/th><\/tr><tr><th><\/th><th class=\"has-text-align-center\" data-align=\"center\">G\u00eete N\u00b0 1\/2\/3<\/th><th class=\"has-text-align-center\" data-align=\"center\">G\u00eete N\u00b0 1\/2\/3<\/th><\/tr><\/thead><tbody><tr><td>1 Nuit\u00e9e<\/td><td class=\"has-text-align-center\" data-align=\"center\">78 \u20ac<\/td><td class=\"has-text-align-center\" data-align=\"center\">88 \u20ac<\/td><\/tr><tr><td>3 Nuit\u00e9es<\/td><td class=\"has-text-align-center\" data-align=\"center\">70 \u20ac<\/td><td class=\"has-text-align-center\" data-align=\"center\">80 \u20ac<\/td><\/tr><tr><td>7 Nuit\u00e9es<\/td><td class=\"has-text-align-center\" data-align=\"center\">65 \u20ac<\/td><td class=\"has-text-align-center\" data-align=\"center\">75 \u20ac<\/td><\/tr><\/tbody><\/table><figcaption class=\"wp-element-caption\">Suppl\u00e9ment pour <strong>Grand G\u00eete n\u00b04<\/strong> avec <strong>acc\u00e8s direct jardin<\/strong> : + 10 \u20ac<\/figcaption><\/figure>\n\n\n\n<p class=\"has-text-align-center has-small-font-size\"><strong>(Tarif P\u00e9riode Estivale Juillet \/ Ao\u00fbt : + 10 \u20ac)<\/strong><\/p>\n\n\n\n<p class=\"has-text-align-left has-medium-font-size\"><sub>Personne suppl\u00e9mentaire : 30 \u20ac<\/sub><\/p>\n\n\n\n<p class=\"has-medium-font-size\"><sup>Suppl\u00e9ment animal : 5\u20ac par jour<\/sup><\/p>\n\n\n\n<p><\/p>\n\n\n\n<hr class=\"wp-block-separator has-alpha-channel-opacity\"\/>\n\n\n\n<hr class=\"wp-block-separator has-alpha-channel-opacity\"\/>\n\n\n\n<p><\/p>\n\n\n\n<p><\/p>\n\n\n\n<p><\/p>\n\n\n\n<p><\/p>\n\n\n\n<p><\/p>\n\n\n\n<h2 class=\"wp-block-heading\">Chambre D&rsquo;H\u00f4tes 2 personnes<\/h2>\n\n\n\n<figure class=\"wp-block-table\"><table><thead><tr><th>Tarif \u00e0 la nuit\u00e9e pour de 2 pers.<\/th><th class=\"has-text-align-center\" data-align=\"center\">Petit D\u00e9jeuner Inclus.<\/th><\/tr><tr><th><\/th><th class=\"has-text-align-center\" data-align=\"center\"><\/th><\/tr><\/thead><tbody><tr><td>1 Nuit\u00e9e<\/td><td class=\"has-text-align-center\" data-align=\"center\">88 \u20ac<\/td><\/tr><tr><td>3 Nuit\u00e9es<\/td><td class=\"has-text-align-center\" data-align=\"center\">80 \u20ac<\/td><\/tr><tr><td>7 Nuit\u00e9es<\/td><td class=\"has-text-align-center\" data-align=\"center\">75 \u20ac<\/td><\/tr><\/tbody><\/table><figcaption class=\"wp-element-caption\">&nbsp;<strong>(Tarif P\u00e9riode Estivale Juillet \/ Ao\u00fbt : + 10 \u20ac)<\/strong><\/figcaption><\/figure>\n\n\n\n<p><\/p>\n\n\n\n<p><\/p>\n\n\n\n<p><\/p>\n\n\n\n<p><\/p>\n\n\n<div class=\"wp-block-image\">\n<figure class=\"alignright size-large is-resized\"><img loading=\"lazy\" decoding=\"async\" width=\"1024\" height=\"248\" src=\"https:\/\/www.lecloshucqueliers.fr\/wp-content\/uploads\/2023\/11\/cropped-cropped-Harper-Russo-1024x248.png\" alt=\"\" class=\"wp-image-132\" style=\"width:462px;height:auto\" srcset=\"https:\/\/www.lecloshucqueliers.fr\/wp-content\/uploads\/2023\/11\/cropped-cropped-Harper-Russo-1024x248.png 1024w, https:\/\/www.lecloshucqueliers.fr\/wp-content\/uploads\/2023\/11\/cropped-cropped-Harper-Russo-300x73.png 300w, https:\/\/www.lecloshucqueliers.fr\/wp-content\/uploads\/2023\/11\/cropped-cropped-Harper-Russo-768x186.png 768w, https:\/\/www.lecloshucqueliers.fr\/wp-content\/uploads\/2023\/11\/cropped-cropped-Harper-Russo-1536x372.png 1536w, https:\/\/www.lecloshucqueliers.fr\/wp-content\/uploads\/2023\/11\/cropped-cropped-Harper-Russo.png 2000w\" sizes=\"auto, (max-width: 1024px) 100vw, 1024px\" \/><\/figure>\n<\/div>\n\n\n<p><\/p>\n\n\n\n<hr class=\"wp-block-separator has-alpha-channel-opacity is-style-wide\"\/>\n\n\n\n<div class=\"wp-block-media-text alignwide has-media-on-the-right is-stacked-on-mobile\" style=\"grid-template-columns:auto 25%\"><div class=\"wp-block-media-text__content\">\n<p><\/p>\n\n\n\n<p>T\u00e9l. 03.21.86.37.10<br>Port. 06.61.22.45.17<\/p>\n<\/div><figure class=\"wp-block-media-text__media\"><img loading=\"lazy\" decoding=\"async\" width=\"1024\" height=\"768\" src=\"https:\/\/www.lecloshucqueliers.fr\/wp-content\/uploads\/2023\/11\/41041390-1.jpg\" alt=\"\" class=\"wp-image-74 size-full\" srcset=\"https:\/\/www.lecloshucqueliers.fr\/wp-content\/uploads\/2023\/11\/41041390-1.jpg 1024w, https:\/\/www.lecloshucqueliers.fr\/wp-content\/uploads\/2023\/11\/41041390-1-300x225.jpg 300w, https:\/\/www.lecloshucqueliers.fr\/wp-content\/uploads\/2023\/11\/41041390-1-768x576.jpg 768w\" sizes=\"auto, (max-width: 1024px) 100vw, 1024px\" \/><\/figure><\/div>\n\n\n\n<hr class=\"wp-block-separator has-alpha-channel-opacity is-style-wide\"\/>\n","protected":false},"excerpt":{"rendered":"<p>G\u00eete Appartement 2 Personnes Tarif \u00e0 la nuit\u00e9e pour 2 pers. Sans Petit D\u00e9jeuner. Petit D\u00e9jeuner Inclus. G\u00eete N\u00b0 1\/2\/3 G\u00eete N\u00b0 1\/2\/3 1 Nuit\u00e9e 78 \u20ac 88 \u20ac 3 Nuit\u00e9es 70 \u20ac 80 \u20ac 7 Nuit\u00e9es 65 \u20ac 75 \u20ac Suppl\u00e9ment pour Grand G\u00eete n\u00b04 avec acc\u00e8s direct jardin : + 10 \u20ac (Tarif [&hellip;]<\/p>\n","protected":false},"author":1,"featured_media":0,"parent":0,"menu_order":0,"comment_status":"closed","ping_status":"closed","template":"","meta":{"footnotes":""},"class_list":["post-107","page","type-page","status-publish","hentry"],"_links":{"self":[{"href":"https:\/\/www.lecloshucqueliers.fr\/index.php?rest_route=\/wp\/v2\/pages\/107","targetHints":{"allow":["GET"]}}],"collection":[{"href":"https:\/\/www.lecloshucqueliers.fr\/index.php?rest_route=\/wp\/v2\/pages"}],"about":[{"href":"https:\/\/www.lecloshucqueliers.fr\/index.php?rest_route=\/wp\/v2\/types\/page"}],"author":[{"embeddable":true,"href":"https:\/\/www.lecloshucqueliers.fr\/index.php?rest_route=\/wp\/v2\/users\/1"}],"replies":[{"embeddable":true,"href":"https:\/\/www.lecloshucqueliers.fr\/index.php?rest_route=%2Fwp%2Fv2%2Fcomments&post=107"}],"version-history":[{"count":74,"href":"https:\/\/www.lecloshucqueliers.fr\/index.php?rest_route=\/wp\/v2\/pages\/107\/revisions"}],"predecessor-version":[{"id":558,"href":"https:\/\/www.lecloshucqueliers.fr\/index.php?rest_route=\/wp\/v2\/pages\/107\/revisions\/558"}],"wp:attachment":[{"href":"https:\/\/www.lecloshucqueliers.fr\/index.php?rest_route=%2Fwp%2Fv2%2Fmedia&parent=107"}],"curies":[{"name":"wp","href":"https:\/\/api.w.org\/{rel}","templated":true}]}}